{"id":1011,"date":"2020-01-22T18:51:53","date_gmt":"2020-01-22T17:51:53","guid":{"rendered":"http:\/\/www.cittasolidale.net\/wp4\/?page_id=1011"},"modified":"2024-06-24T14:01:19","modified_gmt":"2024-06-24T12:01:19","slug":"liste-di-attesa","status":"publish","type":"page","link":"https:\/\/www.cittasolidale.net\/wp4\/societa-trasparente\/liste-di-attesa\/","title":{"rendered":"Liste di attesa"},"content":{"rendered":"\n<p>I criteri di formazione della lista di attesa per l\u2019inserimento di un ospite nella struttura sono definiti dalle norme regionali per tempo vigenti. A scopo informativo, la collocazione in lista di attesa dipende dall\u2019atto autorizzativo ricevuto dal Distretto Socio-Sanitario o del Dipartimento di Salute Mentale competente. Lo scorrimento della lista avviene principalmente in ordine progressivo di arrivo del provvedimento autorizzativo. L\u2019ordine cronologico pu\u00f2 subire deroghe in ragione del sesso del richiedente qualora l\u2019inserimento debba avvenire in una stanza doppia, della procedura d\u2019urgenza annotata nel provvedimento autorizzativo (es. Dimissioni Ospedaliere Protette), di mancata risposta ai tentativi di contatto, di rifiuto al ricovero.<\/p>\n\n\n\n<p>Con riguardo ai tempi di attesa, non \u00e8 possibile fornire una indicazione in ragione dell\u2019estrema variabilit\u00e0 degli stessi. Pi\u00f9 in particolare, non \u00e8 possibile stimare il tempo di permanenza di un ospite poich\u00e9 ogni ricovero pu\u00f2 avere tempi estremamente brevi, ad esempio in caso di trasferimento presso altra struttura, o molto lunghi (anche numerosi anni).<\/p>\n\n\n\n<p>Le liste di attesa per le singole strutture sono gestite direttamente dall&#8217;ASL di Brindisi, in quanto tutti i posti sono in convenzione.  E\u2019 possibile ottenere informazioni in merito ai posti disponibili nella struttura attraverso gli sportelli di informazioni provinciali (PUA, CSM). Si rappresenta comunque la situazione alla data di pubblicazione del presente annuncio per le strutture sociosanitarie gestite da Citt\u00e0 Solidale.<\/p>\n\n\n\n<p>Posti letto liberi RSA anziani &#8220;Rosa Aluisio&#8221; &#8211; Latiano (BR): n. 0<\/p>\n\n\n\n<p>Lista di attesa uomini(*): n. 1<\/p>\n\n\n\n<p>Lista di attesa donne(*): n. 1<\/p>\n\n\n\n<p>Posti letto liberi RSA disabili &#8220;Myosotis&#8221; &#8211; Erchie (BR): n. 0<\/p>\n\n\n\n<p> Lista di attesa: vuota <\/p>\n\n\n\n<p> Posti liberi Centro Diurno disabili &#8220;Myosotis&#8221; &#8211; Erchie (BR): n. 0<\/p>\n\n\n\n<p> Lista di attesa: vuota <\/p>\n\n\n\n<p><\/p>\n\n\n\n<p>Aggiornato alla data del 24\/06\/2024<\/p>\n","protected":false},"excerpt":{"rendered":"<p>I criteri di formazione della lista di attesa per l\u2019inserimento di un ospite nella struttura sono definiti dalle norme regionali<\/p>\n","protected":false},"author":1,"featured_media":0,"parent":1207,"menu_order":0,"comment_status":"closed","ping_status":"closed","template":"","meta":{"ngg_post_thumbnail":0,"footnotes":""},"class_list":["post-1011","page","type-page","status-publish","hentry","comments-off"],"jetpack_sharing_enabled":true,"jetpack_shortlink":"https:\/\/wp.me\/P9VBJY-gj","_links":{"self":[{"href":"https:\/\/www.cittasolidale.net\/wp4\/wp-json\/wp\/v2\/pages\/1011","targetHints":{"allow":["GET"]}}],"collection":[{"href":"https:\/\/www.cittasolidale.net\/wp4\/wp-json\/wp\/v2\/pages"}],"about":[{"href":"https:\/\/www.cittasolidale.net\/wp4\/wp-json\/wp\/v2\/types\/page"}],"author":[{"embeddable":true,"href":"https:\/\/www.cittasolidale.net\/wp4\/wp-json\/wp\/v2\/users\/1"}],"replies":[{"embeddable":true,"href":"https:\/\/www.cittasolidale.net\/wp4\/wp-json\/wp\/v2\/comments?post=1011"}],"version-history":[{"count":8,"href":"https:\/\/www.cittasolidale.net\/wp4\/wp-json\/wp\/v2\/pages\/1011\/revisions"}],"predecessor-version":[{"id":1542,"href":"https:\/\/www.cittasolidale.net\/wp4\/wp-json\/wp\/v2\/pages\/1011\/revisions\/1542"}],"up":[{"embeddable":true,"href":"https:\/\/www.cittasolidale.net\/wp4\/wp-json\/wp\/v2\/pages\/1207"}],"wp:attachment":[{"href":"https:\/\/www.cittasolidale.net\/wp4\/wp-json\/wp\/v2\/media?parent=1011"}],"curies":[{"name":"wp","href":"https:\/\/api.w.org\/{rel}","templated":true}]}}