{"id":1544,"date":"2024-06-28T09:51:00","date_gmt":"2024-06-28T07:51:00","guid":{"rendered":"https:\/\/www.cittasolidale.net\/wp4\/?page_id=1544"},"modified":"2024-07-08T10:04:54","modified_gmt":"2024-07-08T08:04:54","slug":"accesso-civico","status":"publish","type":"page","link":"https:\/\/www.cittasolidale.net\/wp4\/societa-trasparente\/accesso-civico\/","title":{"rendered":"Accesso civico"},"content":{"rendered":"\n<p>Pubblichiamo i dati per le richieste di accesso civico agli atti.<\/p>\n\n\n\n<p><strong>1. Il nome del Presidente o del soggetto cui trasmettere l&#8217;istanza:<\/strong><\/p>\n\n\n\n<p>Presidente e Legale Rappresentante: Dott. Roberto Longo<\/p>\n\n\n\n<p>Citt\u00e0 Solidale Societ\u00e0 Cooperativa Sociale &#8211; Via Anania Lamarina, 75 &#8211; 72022 Latiano (BR)<\/p>\n\n\n\n<p><\/p>\n\n\n\n<p><strong>2. La modalit\u00e0 per l&#8217;esercizio del diritto<\/strong>:<\/p>\n\n\n\n<p>L&#8217; istanza pu\u00f2 essere trasmessa per via telematica secondo le modalit\u00e0 previste dal decreto legislativo 7 marzo 2005, n. 82, e successive modificazioni, ed \u00e8 presentata alternativamente ad uno dei seguenti uffici:<\/p>\n\n\n\n<p>a) all&#8217;ufficio che detiene i dati, le informazioni o i documenti;<\/p>\n\n\n\n<p>b) all&#8217;Ufficio relazioni con il pubblico;<\/p>\n\n\n\n<p>c) ad altro ufficio indicato dall&#8217;amministrazione nella sezione \u201cAmministrazione trasparente\u201d del sito istituzionale;<\/p>\n\n\n\n<p>d ) al responsabile della prevenzione della corruzione e della trasparenza, ove l&#8217; istanza abbia a oggetto dati, informazioni o documenti oggetto di pubblicazione obbligatoria ai sensi del D.Lgs. 33\/2013.<\/p>\n\n\n\n<p>4 . Il rilascio di dati o documenti in formato elettronico o cartaceo \u00e8 gratuito, salvo il rimborso del costo effettivamente sostenuto e documentato dall&#8217;amministrazione per la riproduzione su supporti materiali.<\/p>\n\n\n\n<p>5 . Fatti salvi i casi di pubblicazione obbligatoria, l&#8217;amministrazione cui \u00e8 indirizzata la richiesta di accesso, se individua soggetti controinteressati, ai sensi dell&#8217;articolo 5-bis, comma 2, \u00e8 tenuta a dare comunicazione agli stessi, mediante invio di copia con raccomandata con avviso di ricevimento, o per via telematica per coloro che abbiano consentito tale forma di comunicazione. Entro dieci giorni dalla ricezione della comunicazione, i controinteressati possono presentare una motivata opposizione, anche per via telematica, alla richiesta di accesso. A decorrere dalla comunicazione ai controinteressati, il termine di cui al comma 6 \u00e8 sospeso fino all&#8217;eventuale opposizione dei controinteressati. Decorso tale termine, la pubblica amministrazione provvede sulla richiesta, accertata la ricezione della comunicazione.<\/p>\n\n\n\n<p>6 . Il procedimento di accesso civico deve concludersi con provvedimento espresso e motivato nel termine di trenta giorni dalla presentazione dell&#8217; istanza con la comunicazione al richiedente e agli eventuali controinteressati.<\/p>\n\n\n\n<p><strong>3. Recapiti telefonici e posta elettronica istituzionale a cui indirizzare la domanda:<\/strong><\/p>\n\n\n\n<p>Tel. 0831 726423<\/p>\n\n\n\n<p>email: citta_solidale@liber.it<\/p>\n\n\n\n<p>pec: cittasolidale@pec.it<\/p>\n","protected":false},"excerpt":{"rendered":"<p>Pubblichiamo i dati per le richieste di accesso civico agli atti. 1. Il nome del Presidente o del soggetto cui<\/p>\n","protected":false},"author":1,"featured_media":0,"parent":1207,"menu_order":0,"comment_status":"closed","ping_status":"closed","template":"","meta":{"ngg_post_thumbnail":0,"footnotes":""},"class_list":["post-1544","page","type-page","status-publish","hentry","comments-off"],"jetpack_sharing_enabled":true,"jetpack_shortlink":"https:\/\/wp.me\/P9VBJY-oU","_links":{"self":[{"href":"https:\/\/www.cittasolidale.net\/wp4\/wp-json\/wp\/v2\/pages\/1544","targetHints":{"allow":["GET"]}}],"collection":[{"href":"https:\/\/www.cittasolidale.net\/wp4\/wp-json\/wp\/v2\/pages"}],"about":[{"href":"https:\/\/www.cittasolidale.net\/wp4\/wp-json\/wp\/v2\/types\/page"}],"author":[{"embeddable":true,"href":"https:\/\/www.cittasolidale.net\/wp4\/wp-json\/wp\/v2\/users\/1"}],"replies":[{"embeddable":true,"href":"https:\/\/www.cittasolidale.net\/wp4\/wp-json\/wp\/v2\/comments?post=1544"}],"version-history":[{"count":1,"href":"https:\/\/www.cittasolidale.net\/wp4\/wp-json\/wp\/v2\/pages\/1544\/revisions"}],"predecessor-version":[{"id":1545,"href":"https:\/\/www.cittasolidale.net\/wp4\/wp-json\/wp\/v2\/pages\/1544\/revisions\/1545"}],"up":[{"embeddable":true,"href":"https:\/\/www.cittasolidale.net\/wp4\/wp-json\/wp\/v2\/pages\/1207"}],"wp:attachment":[{"href":"https:\/\/www.cittasolidale.net\/wp4\/wp-json\/wp\/v2\/media?parent=1544"}],"curies":[{"name":"wp","href":"https:\/\/api.w.org\/{rel}","templated":true}]}}