{"id":800,"date":"2018-05-18T22:34:48","date_gmt":"2018-05-18T20:34:48","guid":{"rendered":"http:\/\/www.cittasolidale.net\/wp4\/?page_id=800"},"modified":"2018-05-19T10:53:20","modified_gmt":"2018-05-19T08:53:20","slug":"privacy-policy","status":"publish","type":"page","link":"https:\/\/www.cittasolidale.net\/wp4\/privacy-policy\/","title":{"rendered":"Privacy Policy"},"content":{"rendered":"<h2>Chi siamo<\/h2>\n<p>L&#8217;indirizzo del nostro sito web \u00e8: http:\/\/www.cittasolidale.net\/wp4. Citt\u00e0 Solidale Societ\u00e0 Cooperativa Sociale \u00e8 un&#8217;organizzazione non profit con sede in Italia, via Anania Lamarina n. 75, 72022 Latiano (BR), C.F. e P. IVA 01897890743. Il legale rappresentante e presidente pro tempore \u00e8 il Sig. Roberto Longo.<\/p>\n<h2>Quali dati personali raccogliamo e perch\u00e9 li raccogliamo<\/h2>\n<h3>Commenti<\/h3>\n<p>Quando i visitatori lasciano commenti sul sito, raccogliamo i dati mostrati nel modulo dei commenti e anche l&#8217;indirizzo IP del visitatore e la stringa del user agent del browser per aiutare il rilevamento dello spam.<\/p>\n<p>Una stringa anonimizzata creata dal tuo indirizzo email (anche chiamato hash) pu\u00f2 essere fornita al servizio Gravatar per vedere se lo stai utilizzando. La privacy policy del servizio Gravatar \u00e8 disponibile qui: https:\/\/automattic.com\/privacy\/. Dopo l&#8217;approvazione del tuo commento, la tua immagine del profilo \u00e8 visibile al pubblico nel contesto del tuo commento.<\/p>\n<h3>Media<\/h3>\n<p>Se carichi immagini sul sito web, dovresti evitare di caricare immagini con inclusi i dati di posizione incorporati (EXIF GPS). I visitatori del sito web possono scaricare ed estrarre qualsiasi dato sulla posizione dalle immagini sul sito web.<\/p>\n<h3>Modulo di contatto<\/h3>\n<p>Se mi scrivi dalla pagina Contatti utilizziamo i tuoi dati per risponderti, e cos\u00ec se ci scrivi via posta elettronica o lasci un commento a un nostro post. I tuoi dati restano memorizzati nel nostro archivio di posta elettronica (Libero), nel database del sito (ospitato su Host.it)\u00a0se si tratta di commenti e nei nostri backup; siamo noi i titolari e responsabili del trattamento dei dati, che non cediamo a nessun altro a meno che tu non ci autorizzi a farlo.<\/p>\n<h3>Cookie<\/h3>\n<p>Se lasci un commento sul nostro sito, puoi scegliere di salvare il tuo nome, indirizzo email e sito web nei cookie. Sono per la tua comodit\u00e0 in modo che tu non debba riempire nuovamente i tuoi dati quando lasci un altro commento. Questi cookie rimarranno per un anno.<\/p>\n<p>Se hai un account e accedi a questo sito, verr\u00e0 impostato un cookie temporaneo per determinare se il browser accetta i cookie. Questo cookie non contiene dati personali e viene eliminato quando si chiude il browser.<\/p>\n<p>Quando effettui l&#8217;accesso, verranno impostati diversi cookie per salvare le informazioni di accesso e le opzioni di visualizzazione dello schermo. I cookie di accesso rimangono per due giorni e i cookie delle opzioni sullo schermo rimangono per un anno. Se selezioni &#8220;Ricordami&#8221;, il tuo login persister\u00e0 per due settimane. Se esci dal tuo account, i cookie di accesso verranno rimossi.<\/p>\n<p>Se modifichi o pubblichi un articolo, un cookie aggiuntivo verr\u00e0 salvato nel tuo browser. Questo cookie non include dati personali e indica semplicemente l&#8217;ID del post dell&#8217;articolo appena modificato. Scade dopo 1 giorno.<\/p>\n<p>Altre informazioni che possono interessarti:<\/p>\n<ul>\n<li>nel sito uso\u00a0Jetpack, un plugin di WordPress che gestisce l\u2019iscrizione ai commenti di un post, ti riconosce se sei un utente registrato di WordPress e stai navigando \u201cloggato\u201d, e Akismet, un servizio di WordPress che argina lo spam; qui puoi leggere <a href=\"http:\/\/automattic.com\/privacy\/\" target=\"_blank\" rel=\"noopener\">la privacy policy di Automattic<\/a>, l\u2019azienda che produce WordPress;<\/li>\n<li>in fondo alle pagine e ai post\u00a0ci sono i pulsanti di condivisione sui social network Facebook, Twitter, LinkedIn e GooglePlus, e in certi casi faccio l\u2019embed di contenuti da YouTube, Instagram, Slideshare; tutte queste piattaforme salvano i dati in cloud su server che possono risiedere fuori dalla UE e usano i propri cookies per riconoscerti, se stai navigando dopo esserti collegato ai tuoi account; io non ho accordi con nessuno di loro e non sono in grado di controllare come usano i tuoi dati. Per maggiori informazioni, naviga alle relative privacy policy:\n<ul>\n<li><a href=\"https:\/\/www.facebook.com\/about\/privacy\/\" target=\"_blank\" rel=\"noopener\">Facebook<\/a><\/li>\n<li><a href=\"https:\/\/www.twitter.com\/privacy\" target=\"_blank\" rel=\"noopener\">Twitter<\/a><\/li>\n<li><a href=\"https:\/\/www.linkedin.com\/legal\/privacy-policy\" target=\"_blank\" rel=\"noopener\">LinkedIn<\/a>\u00a0(per LinkedIn e Slideshare)<\/li>\n<li><a href=\"https:\/\/www.google.com\/intl\/it\/policies\/privacy\/\" target=\"_blank\" rel=\"noopener\">Google<\/a> (per GooglePlus e YouTube)<\/li>\n<li><a href=\"https:\/\/instagram.com\/about\/legal\/privacy\/\" target=\"_blank\" rel=\"noopener\">Instagram<\/a><\/li>\n<\/ul>\n<\/li>\n<li>uso Google Analytics per avere, <em>in forma anonimizzata<\/em>,\u00a0le statistiche d\u2019uso del sito.<\/li>\n<\/ul>\n<p>Uso il pixel di Facebook per fare retargeting, pi\u00f9 sotto ti spiego cosa significa.<\/p>\n<p>Nel tuo browser puoi impostare le preferenze di privacy in modo da non memorizzare cookies, cancellarli dopo ogni visita o ogni volta che chiudi il browser, o anche accettare solo i cookies di Alessandrafarabegoli.it e non quelli di terze parti; esiste anche un servizio, <a href=\"http:\/\/www.youronlinechoices.com\/it\/le-tue-scelte\" target=\"_blank\" rel=\"noopener\">Your Online Choices<\/a>, che ti mostra quali cookie installano i vari servizi e come puoi disattivarli, uno per uno.<\/p>\n<h3>Retargeting<\/h3>\n<p>In questo sito uso il pixel Facebook per fare\u00a0<em>retargeting<\/em>, cio\u00e8 per farti vedere su Facebook della pubblicit\u00e0 coerente con pagine che hai gi\u00e0 visitato.<\/p>\n<p>Il retargeting utilizza i cookies, e i tuoi dati di navigazione non vengono collegati alla tua identit\u00e0 e ai tuoi dati personali.<\/p>\n<h3>Analytics<\/h3>\n<p>Anche noi, come milioni di altri proprietari di siti, siamo curiosi di sapere quante persone leggono il nostro sito, quante pagine vengono aperte, da dove provengono i lettori, e amenit\u00e0 simili.<\/p>\n<p>Per avere questi dati, usiamo <a href=\"http:\/\/www.google.com\/analytics\/\">Google Analytics<\/a>, che \u00e8 un ottimo servizio gratuito fornito da Google; abbiamo impostato Google Analytics in modo che il tuo indirizzo IP venga <em>anonimizzato<\/em>, attraverso l\u2019azzeramento dell\u2019ultima parte dell\u2019indirizzo stesso.<\/p>\n<p>Le informazioni generate dal cookie di Google Analytics sull\u2019utilizzo del sito web da parte tua (compresa la prima parte del tuo indirizzo IP) vengono quindi trasmesse a Google e depositate presso i suoi server negli Stati Uniti. Google usa queste informazioni per tracciare e esaminare l\u2019uso del sito da parte dei visitatori, e fornire questi dati, in forma aggregata e mai collegati alla tua identit\u00e0, attraverso i report di Analytics e i suoi altri servizi informativi (es. Google Trends).<\/p>\n<p>Google potrebbe trasferire queste informazioni a terzi nel caso in cui questo sia imposto dalla legge o nel caso in cui si tratti di soggetti che trattano queste\u00a0informazioni per suo conto; <a href=\"http:\/\/www.google.it\/intl\/it\/policies\/\" target=\"_blank\" rel=\"noopener\">l\u2019informativa su privacy e uso dei dati di Google Analytics \u00e8 qui<\/a>.<\/p>\n<p>Io uso i dati delle analytics per capire meglio cosa ti piace e cosa non ti interessa, e per migliorare i contenuti di questo blog.<\/p>\n<p>Se non vuoi essere \u201ctracciato\u201d, nemmeno in forma anonima, da questo o da altri siti che usano Google Analytics (ce ne sono milioni online\u2026), puoi scaricare il <a href=\"http:\/\/goo.gl\/E5fFs\">componente aggiuntivo per disattivare l\u2019invio dei dati di navigazione a Google Analytics<\/a>: funziona con i browser pi\u00f9 diffusi, ed \u00e8 distribuito gratuitamente da Google.<\/p>\n<h3>Contenuto incorporato da altri siti web<\/h3>\n<p>Gli articoli su questo sito possono includere contenuti incorporati (ad esempio video, immagini, articoli, ecc.). I contenuti incorporati di altri siti web si comportano esattamente nello stesso modo in cui il visitatore ha visitato l&#8217;altro sito web.<\/p>\n<p>Questi siti web possono raccogliere dati su di te, utilizzare cookie, integrare ulteriori tracciamenti di terze parti, e monitorare l&#8217;interazione con quel contenuto incorporato, incluso il tracciare la tua interazione con il contenuto incorporato se hai un account e sei connesso a quel sito web.<\/p>\n<h3 id=\"p31\" class=\"p31 disableActiveState jsHasHighlightListener\" data-pid=\"31\">SCRIPT ATTIVI O JAVASCRIPT<\/h3>\n<div class=\"pGroup\">\n<p id=\"p32\" class=\"p32 disableActiveState jsHasHighlightListener\" data-pid=\"32\">Per migliorare la funzionalit\u00e0 di questo sito, viene utilizzato lo scripting, una tecnologia che permette di restituirti le informazioni pi\u00f9 velocemente. Il sito non utilizza mai script per installare programmi software sul tuo computer o per raccogliere informazioni senza la tua autorizzazione.<\/p>\n<p id=\"p33\" class=\"p33 disableActiveState jsHasHighlightListener\" data-pid=\"33\">Per garantire il corretto funzionamento di alcune sezioni del sito \u00e8 necessario attivare nel browser gli script attivi o JavaScript. La maggioranza dei browser permette di attivare o disattivare questa funzione per determinati siti. Consulta le istruzioni del browser per sapere come attivare gli script per siti specifici.<\/p>\n<\/div>\n<h2>Con chi condividiamo i tuoi dati<\/h2>\n<h2>Per quanto tempo conserviamo i tuoi dati<\/h2>\n<p>Se si lascia un commento, il commento e i relativi metadati vengono conservati a tempo indeterminato. \u00c8 cos\u00ec che possiamo riconoscere e approvare automaticamente eventuali commenti di follow-up invece di tenerli in una coda di moderazione.<\/p>\n<p>Per gli utenti che si registrano sul nostro sito web (se presenti), memorizziamo anche le informazioni personali che forniscono nel loro profilo utente. Tutti gli utenti possono vedere, modificare o cancellare le loro informazioni personali in qualsiasi momento (eccetto il loro nome utente che non possono cambiare). Gli amministratori del sito web possono anche vedere e modificare queste informazioni.<\/p>\n<h2>Quali diritti hai sui tuoi dati<\/h2>\n<p>Se hai un account su questo sito, o hai lasciato commenti, puoi richiedere di ricevere un file esportato dal sito con i dati personali che abbiamo su di te, compresi i dati che ci hai fornito. Puoi anche richiedere che cancelliamo tutti i dati personali che ti riguardano. Questo non include i dati che siamo obbligati a conservare per scopi amministrativi, legali o di sicurezza.<\/p>\n<h2>Dove spediamo i tuoi dati<\/h2>\n<p>I commenti dei visitatori possono essere controllati attraverso un servizio di rilevamento automatico dello spam.<\/p>\n<h2>Le tue informazioni di contatto<\/h2>\n<h2>Informazioni aggiuntive<\/h2>\n<h3>Come proteggiamo i tuoi dati<\/h3>\n<div class=\"pGroup\">\n<p id=\"p23\" class=\"p23 disableActiveState jsHasHighlightListener\" data-pid=\"23\">Prendiamo molto seriamente la sicurezza e la riservatezza dei tuoi dati personali. Utilizziamo nuovi metodi per la sicurezza e per il salvataggio dei dati personali al fine di proteggerli da accesso non autorizzato, uso improprio o divulgazione, modifica non autorizzata, distruzione illegale o perdita accidentale. Tutti gli incaricati del trattamento dei dati personali e qualunque terza parte che impieghiamo per elaborare i tuoi dati personali sono obbligati a rispettare la riservatezza delle tue informazioni. I tuoi dati personali sono conservati solo per il tempo necessario ad adempiere agli scopi per i quali sono stati raccolti o a soddisfare gli obblighi giuridici di informazione o di conservazione dei documenti.<\/p>\n<p id=\"p24\" class=\"p24 disableActiveState jsHasHighlightListener\" data-pid=\"24\">I tuoi dati personali vengono protetti durante il trasferimento attraverso protocolli di codifica, come quello denominato Transport Layer Security (TLS). Utilizziamo sistemi informatici con protocolli di accesso limitato, posizionati in strutture che adottano misure di sicurezza fisiche, elettroniche e procedurali al fine di proteggere la riservatezza e la sicurezza delle informazioni che ci vengono trasmesse. Abbiamo rigorosi standard di sicurezza per prevenire qualsiasi accesso non autorizzato.<\/p>\n<\/div>\n<h3>Quali procedure contro la violazione di dati sono in atto<\/h3>\n<h3>Da quali terze parti riceviamo dati<\/h3>\n<p>A volte questo sito conterr\u00e0 link a siti di fornitori esterni che erogano servizi per nostro conto (per esempio la compilazione di moduli online). Capirai chiaramente di essere sul sito del fornitore esterno perch\u00e9 la visualizzazione sar\u00e0 differente e perch\u00e9 la barra degli indirizzi cambier\u00e0. Quando un fornitore esterno viene selezionato, e successivamente su base periodica, ci assicuriamo che le sue policy sulla privacy e sulla protezione dei dati personali siano in armonia con quelle da noi adottate. Se hai domande in merito alle policy dei fornitori esterni, per favore prendi visione delle policy presenti nei loro siti web.<\/p>\n<h3>Quale processo decisionale automatizzato e\/o profilazione facciamo con i dati dell&#8217;utente<\/h3>\n<h3>Requisiti di informativa normativa del settore<\/h3>\n<div id=\"section3\" class=\"section\">\n<h4 id=\"p16\" class=\"p16 disableActiveState jsHasHighlightListener\" data-pid=\"16\">DIRITTI DELL\u2019INTERESSATO<\/h4>\n<div class=\"pGroup\">\n<p id=\"p17\" class=\"p17 disableActiveState jsHasHighlightListener\" data-pid=\"17\">Quando trattiamo i dati personali, adottiamo ragionevoli misure per assicurarci che i tuoi dati personali siano precisi e aggiornati rispetto alle finalit\u00e0 per le quali sono stati raccolti. A seconda del paese in cui vivi e delle normative locali applicabili in materia di protezione dei dati personali, puoi avere i seguenti diritti in merito ai dati personali a noi trasmessi:<\/p>\n<ul>\n<li>\n<p id=\"p18\" class=\"p18 disableActiveState jsHasHighlightListener\" data-pid=\"18\">puoi richiedere informazioni in merito alla raccolta e al trattamento dei tuoi dati personali in conformit\u00e0 alle normative locali applicabili;<\/p>\n<\/li>\n<li>\n<p id=\"p19\" class=\"p19 disableActiveState jsHasHighlightListener\" data-pid=\"19\">puoi richiedere di accedere alle tue informazioni personali se incomplete o inaccurate, di rettificarle, cancellarle o bloccarle;<\/p>\n<\/li>\n<li>\n<p id=\"p20\" class=\"p20 disableActiveState jsHasHighlightListener\" data-pid=\"20\">quando esistono motivi legittimi, puoi opporti al trattamento dei tuoi dati personali e richiederci che non vengano pi\u00f9 trattati.<\/p>\n<\/li>\n<\/ul>\n<p id=\"p22\" class=\"p22 disableActiveState jsHasHighlightListener\" data-pid=\"22\">Al momento del ricevimento di una richiesta d\u2019accesso scritta da parte tua, e dopo aver fornito prova sufficiente in merito alla tua identit\u00e0 e le informazioni necessarie a identificare i tuoi dati personali, il titolare del trattamento competente valuter\u00e0 in maniera obiettiva l\u2019accoglimento della richiesta tenendo conto degli interessi legittimi della persona ad accedere ai dati, rettificarli o cancellarli, con gli interessi legittimi dell\u2019organizzazione. Comunicheremo le modifiche necessarie anche a terze parti.<\/p>\n<p id=\"p23\" class=\"p23 disableActiveState jsHasHighlightListener\" data-pid=\"23\">Tieni in considerazione che i tuoi dati potrebbero non essere cancellati se il loro trattamento \u00e8 richiesto dalla legge o se la loro conservazione ha basi giuridiche. Le richieste di cancellazione dei dati personali sono soggette a qualsiasi comunicazione giuridica applicabile o ai requisiti di conservazione dei documenti che ci vengono imposti. Hai la facolt\u00e0 di proporre reclamo in merito al trattamento dei dati rilasciati in questo sito web presso l\u2019autorit\u00e0 locale che si occupa di protezione dei dati.<\/p>\n<\/div>\n<\/div>\n","protected":false},"excerpt":{"rendered":"<p>Chi siamo L&#8217;indirizzo del nostro sito web \u00e8: http:\/\/www.cittasolidale.net\/wp4. Citt\u00e0 Solidale Societ\u00e0 Cooperativa Sociale \u00e8 un&#8217;organizzazione non profit con sede<\/p>\n","protected":false},"author":1,"featured_media":0,"parent":0,"menu_order":0,"comment_status":"closed","ping_status":"closed","template":"","meta":{"ngg_post_thumbnail":0,"footnotes":""},"class_list":["post-800","page","type-page","status-publish","hentry","comments-off"],"jetpack_sharing_enabled":true,"jetpack_shortlink":"https:\/\/wp.me\/P9VBJY-cU","_links":{"self":[{"href":"https:\/\/www.cittasolidale.net\/wp4\/wp-json\/wp\/v2\/pages\/800","targetHints":{"allow":["GET"]}}],"collection":[{"href":"https:\/\/www.cittasolidale.net\/wp4\/wp-json\/wp\/v2\/pages"}],"about":[{"href":"https:\/\/www.cittasolidale.net\/wp4\/wp-json\/wp\/v2\/types\/page"}],"author":[{"embeddable":true,"href":"https:\/\/www.cittasolidale.net\/wp4\/wp-json\/wp\/v2\/users\/1"}],"replies":[{"embeddable":true,"href":"https:\/\/www.cittasolidale.net\/wp4\/wp-json\/wp\/v2\/comments?post=800"}],"version-history":[{"count":12,"href":"https:\/\/www.cittasolidale.net\/wp4\/wp-json\/wp\/v2\/pages\/800\/revisions"}],"predecessor-version":[{"id":844,"href":"https:\/\/www.cittasolidale.net\/wp4\/wp-json\/wp\/v2\/pages\/800\/revisions\/844"}],"wp:attachment":[{"href":"https:\/\/www.cittasolidale.net\/wp4\/wp-json\/wp\/v2\/media?parent=800"}],"curies":[{"name":"wp","href":"https:\/\/api.w.org\/{rel}","templated":true}]}}